{"id":22,"date":"2024-03-11T15:23:45","date_gmt":"2024-03-11T14:23:45","guid":{"rendered":"https:\/\/hernaniburujabe.eus\/?page_id=22"},"modified":"2024-03-11T15:31:03","modified_gmt":"2024-03-11T14:31:03","slug":"informacion-legal","status":"publish","type":"page","link":"https:\/\/hernaniburujabe.eus\/es\/informacion-legal\/","title":{"rendered":"Informaci\u00f3n Legal"},"content":{"rendered":"<section class=\"l-section wpb_row height_medium\"><div class=\"l-section-h i-cf\"><div class=\"g-cols vc_row via_flex valign_top type_default stacking_default\"><div class=\"vc_col-sm-12 wpb_column vc_column_container\"><div class=\"vc_column-inner\"><div class=\"wpb_wrapper\"><div class=\"wpb_text_column\"><div class=\"wpb_wrapper\"><p>En cumplimiento de la Ley 34\/2002, de 11 de julio, de Servicios de la Sociedad de la Informaci\u00f3n y de Comercio Electr\u00f3nico, le informamos que el titular del sitio web <a href=\"http:\/\/www.euskaldunak.eus\"><u>www<\/u><\/a> es:<\/p>\n<p>Nombre de la entidad<\/p>\n<p>NIF<\/p>\n<p>Direcci\u00f3n<\/p>\n<p>Tel\u00e9fono<br \/>\n<a href=\"mailto:kultura@euskadi.eus\">Correo<\/a> electr\u00f3nico<\/p>\n<p>&nbsp;<\/p>\n<p><strong>1. Responsabilidades y garant\u00edas<\/strong><\/p>\n<p><a href=\"http:\/\/www.getxoztarrak.eus\/\">El usuario podr\u00e1 acceder al sitio web www.<\/a> por voluntad propia. Navegar por este sitio web supone que el usuario conoce y acepta sus indicaciones legales, sus condiciones de uso y su pol\u00edtica de privacidad.<\/p>\n<p>Cualquier uso de la informaci\u00f3n contenida en este sitio web ser\u00e1 \u00fanica y exclusivamente responsabilidad del usuario.\u00a0As\u00ed, el usuario deber\u00e1 comprometerse a utilizar la informaci\u00f3n de acuerdo con el objetivo del sitio web.<\/p>\n<p>Por tanto, el usuario no podr\u00e1 dar un uso il\u00edcito a la informaci\u00f3n del sitio web.<\/p>\n<p>&nbsp;<\/p>\n<p>Se proh\u00edbe a los usuarios introducir o informar sobre contenidos falsos o err\u00f3neos. El usuario ser\u00e1, por tanto, el \u00fanico responsable de los da\u00f1os causados con los datos que aporte.<\/p>\n<p>Se proh\u00edbe utilizar datos personales de terceros sin su consentimiento. Asimismo, se proh\u00edbe utilizar datos de identificaci\u00f3n de terceros para ponerse en el lugar de otra persona o entidad.<\/p>\n<p>NOMBRE DE LA ENTIDAD\u00a0hace un gran esfuerzo para que no haya errores en los contenidos publicados en el sitio web. Por tanto, se reserva el derecho de modificarlosen cualquier momento. NOMBRE DE LA ENTIDAD\u00a0renuncia expresamente a\u00a0la responsabilidad derivada de errores u omisiones en los contenidos de este sitio web, as\u00ed como a la responsabilidad derivada de los da\u00f1os y perjuicios derivados de la falta de veracidad, exactitud y actualizaci\u00f3n de estos. Este sitio web puede incluir enlaces de otros sitios web. NOMBRE DE LA ENTIDAD\u00a0no se hace responsable de ninguno de los contenidos de los sitios enlazados. El objetivo de esos servicios es, precisamente, proporcionar a los usuarios otras fuentes de informaci\u00f3n; por tanto, el usuario acceder\u00e1 a ellas bajo su \u00fanica responsabilidad, atendiendo a las condiciones reguladas en las mismas.<\/p>\n<p>NOMBRE DE LA ENTIDAD no ser\u00e1 responsable de ninguna consecuencia o perjuicio derivado del uso de este sitio web o de su contenido, incluidos los da\u00f1os inform\u00e1ticos y la inserci\u00f3n de virus.<\/p>\n<p>NOMBRE DE LA ENTIDAD se reserva el derecho a modificar o eliminar en cualquier momento, sin previo aviso o explicaci\u00f3n, el dise\u00f1o, la configuraci\u00f3n y la informaci\u00f3n contenida en este sitio web, siempre que lo consideren necesario.<\/p>\n<p>NOMBRE DE LA ENTIDAD\u00a0no se har\u00e1 responsable de los da\u00f1os que dichas modificaciones pudieran suponer. No obstante, utilizar\u00e1 todos los medios a su alcance para informar a los usuarios de dichas modificaciones.<\/p>\n<p>&nbsp;<\/p>\n<p><strong>2. Propiedad intelectual e industrial<\/strong><\/p>\n<p>Los contenidos de este sitio web (excepto los datos personales) poseen la licencia Creative Commons\u00a0Reconocimiento\u00a0\u2013\u00a0Compartir Igual\u00a0(CC-BY-SA) 4.0<\/p>\n<p>Esta licencia otorga al usuario los siguientes derechos:<\/p>\n<ul>\n<li>Compartir: puede copiar y distribuir los contenidos en cualquier medio y formato.<\/li>\n<li>Adecuar:\u00a0puede reutilizar los contenidos y crear obras derivadas, incluso con fines comerciales.<\/li>\n<\/ul>\n<p>Siempre y cuando se cumplan las siguientes condiciones:<\/p>\n<ul>\n<li>Reconocer:\u00a0se debe reconocer la autor\u00eda del sitio web, a\u00f1adir un enlace a la licencia e indicar si se han realizado modificaciones, pero no de una manera que d\u00e9 a entender que este sitio web apoya el uso de quien lo hace.<\/li>\n<li>Compartir Igual: si se crea un trabajo derivado, se debe distribuir con la misma licencia.<\/li>\n<li>Sin restricciones adicionales: no se puede limitar lo que permite la licencia a trav\u00e9s de medidas legales o tecnol\u00f3gicas.<\/li>\n<\/ul>\n<p>&nbsp;<\/p>\n<p>El incumplimiento de las condiciones que impone la licencia en la utilizaci\u00f3n de los contenidos del sitio web dar\u00e1 lugar al ejercicio de las acciones legales que correspondan y, en su caso, al cumplimiento de las responsabilidades que se deriven de su ejercicio.<\/p>\n<p><strong>3. Modificaciones<\/strong><\/p>\n<p>Todas estas condiciones podr\u00e1n ser modificadas si\u00a0NOMBRE DE LA ENTIDAD\u00a0lo considera oportuno en alg\u00fan momento, tanto para adecuarse a las modificaciones legislativas como para introducir otras mejoras.\u00a0Estas modificaciones entrar\u00e1n en vigor desde el momento en que se publiquen en este sitio web.<\/p>\n<p><strong>4. Jurisdicci\u00f3n<\/strong><\/p>\n<p>La relaci\u00f3n surgida entre NOMBRE DE LA ENTIDAD y el usuario se regir\u00e1 por lo dispuesto en la normativa vigente sobre legislaci\u00f3n aplicable y jurisdicci\u00f3n competente.\u00a0No obstante, cuando la normativa prevea que las partes deben someterse a una competencia,\u00a0NOMBRE DE LA ENTIDAD y el usuario, con renuncia expresa a cualquier competencia que les corresponda, se someter\u00e1n a los Juzgados y Tribunales de Donostia-San Sebasti\u00e1n.<\/p>\n<\/div><\/div><\/div><\/div><\/div><\/div><\/div><\/section>\n","protected":false},"excerpt":{"rendered":"En cumplimiento de la Ley 34\/2002, de 11 de julio, de Servicios de la Sociedad de la Informaci\u00f3n y de Comercio Electr\u00f3nico, le informamos que el titular del sitio web www es: Nombre de la entidad NIF Direcci\u00f3n Tel\u00e9fono Correo electr\u00f3nico &nbsp; 1. Responsabilidades y garant\u00edas El usuario podr\u00e1 acceder al sitio web www. por...","protected":false},"author":1,"featured_media":0,"parent":0,"menu_order":0,"comment_status":"closed","ping_status":"closed","template":"","meta":{"_acf_changed":false,"footnotes":""},"class_list":["post-22","page","type-page","status-publish","hentry"],"acf":[],"_links":{"self":[{"href":"https:\/\/hernaniburujabe.eus\/es\/wp-json\/wp\/v2\/pages\/22","targetHints":{"allow":["GET"]}}],"collection":[{"href":"https:\/\/hernaniburujabe.eus\/es\/wp-json\/wp\/v2\/pages"}],"about":[{"href":"https:\/\/hernaniburujabe.eus\/es\/wp-json\/wp\/v2\/types\/page"}],"author":[{"embeddable":true,"href":"https:\/\/hernaniburujabe.eus\/es\/wp-json\/wp\/v2\/users\/1"}],"replies":[{"embeddable":true,"href":"https:\/\/hernaniburujabe.eus\/es\/wp-json\/wp\/v2\/comments?post=22"}],"version-history":[{"count":2,"href":"https:\/\/hernaniburujabe.eus\/es\/wp-json\/wp\/v2\/pages\/22\/revisions"}],"predecessor-version":[{"id":38,"href":"https:\/\/hernaniburujabe.eus\/es\/wp-json\/wp\/v2\/pages\/22\/revisions\/38"}],"wp:attachment":[{"href":"https:\/\/hernaniburujabe.eus\/es\/wp-json\/wp\/v2\/media?parent=22"}],"curies":[{"name":"wp","href":"https:\/\/api.w.org\/{rel}","templated":true}]}}