{"id":740,"date":"2024-03-12T13:31:16","date_gmt":"2024-03-12T12:31:16","guid":{"rendered":"https:\/\/hernaniburujabe.eus\/?page_id=740"},"modified":"2024-07-08T16:44:22","modified_gmt":"2024-07-08T14:44:22","slug":"proyectos","status":"publish","type":"page","link":"https:\/\/hernaniburujabe.eus\/es\/proyectos\/","title":{"rendered":"Proyectos"},"content":{"rendered":"<section class=\"l-section wpb_row height_medium\"><div class=\"l-section-h i-cf\"><div class=\"g-cols vc_row via_flex valign_top type_default stacking_default\"><div class=\"vc_col-sm-12 wpb_column vc_column_container\"><div class=\"vc_column-inner\"><div class=\"wpb_wrapper\"><div class=\"w-grid us_grid type_grid layout_138 cols_4 pagination_infinite overflow_hidden preload_style_spinner\" id=\"us_grid_1\" style=\"--columns:4;--gap:1.5rem;\" data-filterable=\"true\"><style>@media (max-width:1380px){#us_grid_1{--columns:3!important}}@media (max-width:1024px){#us_grid_1{--columns:2!important}}@media (max-width:600px){#us_grid_1{--columns:1!important}}.layout_138 .w-grid-item-h{background:#BE310F;color:#ffffff;box-shadow:0 0.03rem 0.06rem rgba(0,0,0,0.1),0 0.1rem 0.3rem rgba(0,0,0,0.1);transition-duration:0.3s}.no-touch .layout_138 .w-grid-item-h:hover{box-shadow:0 0.18rem 0.36rem rgba(0,0,0,0.1),0 0.6rem 1.8rem rgba(0,0,0,0.15);z-index:4}.layout_138 .usg_vwrapper_1{padding:5% 8% 8% 8%!important}.layout_138 .usg_post_title_1{color:inherit!important;font-size:1rem!important;font-weight:400!important;text-transform:uppercase!important}@media (max-width:600px){.layout_138 .usg_post_title_1{font-size:1.2rem!important}}<\/style><div class=\"w-grid-list\">\t<article class=\"w-grid-item size_1x1 post-905 proiektua type-proiektua status-publish has-post-thumbnail hentry category-telecomunicaciones\" data-id=\"905\">\r\n\t\t<div class=\"w-grid-item-h\">\r\n\t\t\t\t\t\t<div class=\"w-post-elm post_image usg_post_image_1 has_ratio\"><a href=\"https:\/\/hernaniburujabe.eus\/es\/proiektua\/fibra-optica\/\" aria-label=\"Fibra \u00f3ptica\"><img loading=\"lazy\" decoding=\"async\" width=\"425\" height=\"566\" src=\"https:\/\/hernaniburujabe.eus\/wp-content\/uploads\/2024\/03\/Karkaban-lanetan.jpg\" class=\"attachment-large size-large wp-post-image\" alt=\"\" \/><\/a><div style=\"padding-bottom:66.6667%\"><\/div><\/div><div class=\"w-vwrapper usg_vwrapper_1 align_none valign_top\"><h3 class=\"w-post-elm post_title usg_post_title_1 has_text_color align_center entry-title color_link_inherit\"><a href=\"https:\/\/hernaniburujabe.eus\/es\/proiektua\/fibra-optica\/\">Fibra \u00f3ptica<\/a><\/h3><\/div>\t\t<\/div>\r\n\t\t\t<\/article>\r\n\t<article class=\"w-grid-item size_1x1 post-903 proiektua type-proiektua status-publish has-post-thumbnail hentry category-biodiversidad\" data-id=\"903\">\r\n\t\t<div class=\"w-grid-item-h\">\r\n\t\t\t\t\t\t<div class=\"w-post-elm post_image usg_post_image_1 has_ratio\"><a href=\"https:\/\/hernaniburujabe.eus\/es\/proiektua\/semillero-y-vivero\/\" aria-label=\"Semillero y vivero\"><img loading=\"lazy\" decoding=\"async\" width=\"768\" height=\"1024\" src=\"https:\/\/hernaniburujabe.eus\/wp-content\/uploads\/2024\/04\/mintegiasagarreta-768x1024.jpg\" class=\"attachment-large size-large wp-post-image\" alt=\"\" \/><\/a><div style=\"padding-bottom:66.6667%\"><\/div><\/div><div class=\"w-vwrapper usg_vwrapper_1 align_none valign_top\"><h3 class=\"w-post-elm post_title usg_post_title_1 has_text_color align_center entry-title color_link_inherit\"><a href=\"https:\/\/hernaniburujabe.eus\/es\/proiektua\/semillero-y-vivero\/\">Semillero y vivero<\/a><\/h3><\/div>\t\t<\/div>\r\n\t\t\t<\/article>\r\n\t<article class=\"w-grid-item size_1x1 post-900 proiektua type-proiektua status-publish has-post-thumbnail hentry category-biodiversidad\" data-id=\"900\">\r\n\t\t<div class=\"w-grid-item-h\">\r\n\t\t\t\t\t\t<div class=\"w-post-elm post_image usg_post_image_1 has_ratio\"><a href=\"https:\/\/hernaniburujabe.eus\/es\/proiektua\/compra-publica-de-tierras-forestales\/\" aria-label=\"Compra P\u00fablica de Tierras Forestales\"><img loading=\"lazy\" decoding=\"async\" width=\"1024\" height=\"768\" src=\"https:\/\/hernaniburujabe.eus\/wp-content\/uploads\/2024\/04\/E8KKZkJ09pBXkfl2mgHcXQOP-1024x768.jpg\" class=\"attachment-large size-large wp-post-image\" alt=\"\" \/><\/a><div style=\"padding-bottom:66.6667%\"><\/div><\/div><div class=\"w-vwrapper usg_vwrapper_1 align_none valign_top\"><h3 class=\"w-post-elm post_title usg_post_title_1 has_text_color align_center entry-title color_link_inherit\"><a href=\"https:\/\/hernaniburujabe.eus\/es\/proiektua\/compra-publica-de-tierras-forestales\/\">Compra P\u00fablica de Tierras Forestales<\/a><\/h3><\/div>\t\t<\/div>\r\n\t\t\t<\/article>\r\n\t<article class=\"w-grid-item size_1x1 post-888 proiektua type-proiektua status-publish has-post-thumbnail hentry category-alimentacion\" data-id=\"888\">\r\n\t\t<div class=\"w-grid-item-h\">\r\n\t\t\t\t\t\t<div class=\"w-post-elm post_image usg_post_image_1 has_ratio\"><a href=\"https:\/\/hernaniburujabe.eus\/es\/proiektua\/bertako-tupper\/\" aria-label=\"Bertako tupper\"><img loading=\"lazy\" decoding=\"async\" width=\"1024\" height=\"683\" src=\"https:\/\/hernaniburujabe.eus\/wp-content\/uploads\/2024\/03\/tupper-1024x683.jpg\" class=\"attachment-large size-large wp-post-image\" alt=\"\" \/><\/a><div style=\"padding-bottom:66.6667%\"><\/div><\/div><div class=\"w-vwrapper usg_vwrapper_1 align_none valign_top\"><h3 class=\"w-post-elm post_title usg_post_title_1 has_text_color align_center entry-title color_link_inherit\"><a href=\"https:\/\/hernaniburujabe.eus\/es\/proiektua\/bertako-tupper\/\">Bertako tupper<\/a><\/h3><\/div>\t\t<\/div>\r\n\t\t\t<\/article>\r\n\t<article class=\"w-grid-item size_1x1 post-859 proiektua type-proiektua status-publish has-post-thumbnail hentry category-cuidados\" data-id=\"859\">\r\n\t\t<div class=\"w-grid-item-h\">\r\n\t\t\t\t\t\t<div class=\"w-post-elm post_image usg_post_image_1 has_ratio\"><a href=\"https:\/\/hernaniburujabe.eus\/es\/proiektua\/eltzekoa\/\" aria-label=\"Eltzekoa\"><img loading=\"lazy\" decoding=\"async\" width=\"576\" height=\"1024\" src=\"https:\/\/hernaniburujabe.eus\/wp-content\/uploads\/2024\/04\/03042024-DSC05303-576x1024.jpg\" class=\"attachment-large size-large wp-post-image\" alt=\"\" \/><\/a><div style=\"padding-bottom:66.6667%\"><\/div><\/div><div class=\"w-vwrapper usg_vwrapper_1 align_none valign_top\"><h3 class=\"w-post-elm post_title usg_post_title_1 has_text_color align_center entry-title color_link_inherit\"><a href=\"https:\/\/hernaniburujabe.eus\/es\/proiektua\/eltzekoa\/\">Eltzekoa<\/a><\/h3><\/div>\t\t<\/div>\r\n\t\t\t<\/article>\r\n\t<article class=\"w-grid-item size_1x1 post-856 proiektua type-proiektua status-publish has-post-thumbnail hentry category-energia-2\" data-id=\"856\">\r\n\t\t<div class=\"w-grid-item-h\">\r\n\t\t\t\t\t\t<div class=\"w-post-elm post_image usg_post_image_1 has_ratio\"><a href=\"https:\/\/hernaniburujabe.eus\/es\/proiektua\/oficina-de-la-energia\/\" aria-label=\"Oficina de la Energ\u00eda\"><img loading=\"lazy\" decoding=\"async\" width=\"1024\" height=\"683\" src=\"https:\/\/hernaniburujabe.eus\/wp-content\/uploads\/2024\/04\/85776energia_bulegoa-1024x683.jpg\" class=\"attachment-large size-large wp-post-image\" alt=\"\" \/><\/a><div style=\"padding-bottom:66.6667%\"><\/div><\/div><div class=\"w-vwrapper usg_vwrapper_1 align_none valign_top\"><h3 class=\"w-post-elm post_title usg_post_title_1 has_text_color align_center entry-title color_link_inherit\"><a href=\"https:\/\/hernaniburujabe.eus\/es\/proiektua\/oficina-de-la-energia\/\">Oficina de la Energ\u00eda<\/a><\/h3><\/div>\t\t<\/div>\r\n\t\t\t<\/article>\r\n\t<article class=\"w-grid-item size_1x1 post-874 proiektua type-proiektua status-publish has-post-thumbnail hentry category-alimentacion\" data-id=\"874\">\r\n\t\t<div class=\"w-grid-item-h\">\r\n\t\t\t\t\t\t<div class=\"w-post-elm post_image usg_post_image_1 has_ratio\"><a href=\"https:\/\/hernaniburujabe.eus\/es\/proiektua\/asociacion-de-consumo-herrilur\/\" aria-label=\"Asociaci\u00f3n de consumo Herrilur\"><img loading=\"lazy\" decoding=\"async\" width=\"1024\" height=\"577\" src=\"https:\/\/hernaniburujabe.eus\/wp-content\/uploads\/2024\/04\/Herrilur-denda-irekiera-1024x577.jpg\" class=\"attachment-large size-large wp-post-image\" alt=\"\" \/><\/a><div style=\"padding-bottom:66.6667%\"><\/div><\/div><div class=\"w-vwrapper usg_vwrapper_1 align_none valign_top\"><h3 class=\"w-post-elm post_title usg_post_title_1 has_text_color align_center entry-title color_link_inherit\"><a href=\"https:\/\/hernaniburujabe.eus\/es\/proiektua\/asociacion-de-consumo-herrilur\/\">Asociaci\u00f3n de consumo Herrilur<\/a><\/h3><\/div>\t\t<\/div>\r\n\t\t\t<\/article>\r\n\t<article class=\"w-grid-item size_1x1 post-891 proiektua type-proiektua status-publish has-post-thumbnail hentry category-alimentacion\" data-id=\"891\">\r\n\t\t<div class=\"w-grid-item-h\">\r\n\t\t\t\t\t\t<div class=\"w-post-elm post_image usg_post_image_1 has_ratio\"><a href=\"https:\/\/hernaniburujabe.eus\/es\/proiektua\/centro-de-transformacion-y-cocina-central\/\" aria-label=\"Centro de transformaci\u00f3n y Cocina Central\"><img loading=\"lazy\" decoding=\"async\" width=\"1024\" height=\"683\" src=\"https:\/\/hernaniburujabe.eus\/wp-content\/uploads\/2024\/04\/Bertako-elikagaiak-1024x683.jpg\" class=\"attachment-large size-large wp-post-image\" alt=\"\" \/><\/a><div style=\"padding-bottom:66.6667%\"><\/div><\/div><div class=\"w-vwrapper usg_vwrapper_1 align_none valign_top\"><h3 class=\"w-post-elm post_title usg_post_title_1 has_text_color align_center entry-title color_link_inherit\"><a href=\"https:\/\/hernaniburujabe.eus\/es\/proiektua\/centro-de-transformacion-y-cocina-central\/\">Centro de transformaci\u00f3n y Cocina Central<\/a><\/h3><\/div>\t\t<\/div>\r\n\t\t\t<\/article>\r\n\t<article class=\"w-grid-item size_1x1 post-875 proiektua type-proiektua status-publish has-post-thumbnail hentry category-alimentacion\" data-id=\"875\">\r\n\t\t<div class=\"w-grid-item-h\">\r\n\t\t\t\t\t\t<div class=\"w-post-elm post_image usg_post_image_1 has_ratio\"><a href=\"https:\/\/hernaniburujabe.eus\/es\/proiektua\/escuela-de-agricultura\/\" aria-label=\"Escuela de agricultura\"><img loading=\"lazy\" decoding=\"async\" width=\"1024\" height=\"683\" src=\"https:\/\/hernaniburujabe.eus\/wp-content\/uploads\/2024\/04\/28052021-_AM19973-1024x683.jpg\" class=\"attachment-large size-large wp-post-image\" alt=\"\" \/><\/a><div style=\"padding-bottom:66.6667%\"><\/div><\/div><div class=\"w-vwrapper usg_vwrapper_1 align_none valign_top\"><h3 class=\"w-post-elm post_title usg_post_title_1 has_text_color align_center entry-title color_link_inherit\"><a href=\"https:\/\/hernaniburujabe.eus\/es\/proiektua\/escuela-de-agricultura\/\">Escuela de agricultura<\/a><\/h3><\/div>\t\t<\/div>\r\n\t\t\t<\/article>\r\n\t<article class=\"w-grid-item size_1x1 post-876 proiektua type-proiektua status-publish has-post-thumbnail hentry category-moneda\" data-id=\"876\">\r\n\t\t<div class=\"w-grid-item-h\">\r\n\t\t\t\t\t\t<div class=\"w-post-elm post_image usg_post_image_1 has_ratio\"><a href=\"https:\/\/hernaniburujabe.eus\/es\/proiektua\/ekhilur\/\" aria-label=\"Ekhilur\"><img loading=\"lazy\" decoding=\"async\" width=\"522\" height=\"931\" src=\"https:\/\/hernaniburujabe.eus\/wp-content\/uploads\/2024\/03\/moneta-1.png\" class=\"attachment-large size-large wp-post-image\" alt=\"\" \/><\/a><div style=\"padding-bottom:66.6667%\"><\/div><\/div><div class=\"w-vwrapper usg_vwrapper_1 align_none valign_top\"><h3 class=\"w-post-elm post_title usg_post_title_1 has_text_color align_center entry-title color_link_inherit\"><a href=\"https:\/\/hernaniburujabe.eus\/es\/proiektua\/ekhilur\/\">Ekhilur<\/a><\/h3><\/div>\t\t<\/div>\r\n\t\t\t<\/article>\r\n\t<article class=\"w-grid-item size_1x1 post-877 proiektua type-proiektua status-publish has-post-thumbnail hentry category-energia-2\" data-id=\"877\">\r\n\t\t<div class=\"w-grid-item-h\">\r\n\t\t\t\t\t\t<div class=\"w-post-elm post_image usg_post_image_1 has_ratio\"><a href=\"https:\/\/hernaniburujabe.eus\/es\/proiektua\/instalaciones-de-autoconsumo-colectivo\/\" aria-label=\"Instalaciones de autoconsumo colectivo\"><img loading=\"lazy\" decoding=\"async\" width=\"1024\" height=\"774\" src=\"https:\/\/hernaniburujabe.eus\/wp-content\/uploads\/2024\/04\/plakak1-1024x774.png\" class=\"attachment-large size-large wp-post-image\" alt=\"\" \/><\/a><div style=\"padding-bottom:66.6667%\"><\/div><\/div><div class=\"w-vwrapper usg_vwrapper_1 align_none valign_top\"><h3 class=\"w-post-elm post_title usg_post_title_1 has_text_color align_center entry-title color_link_inherit\"><a href=\"https:\/\/hernaniburujabe.eus\/es\/proiektua\/instalaciones-de-autoconsumo-colectivo\/\">Instalaciones de autoconsumo colectivo<\/a><\/h3><\/div>\t\t<\/div>\r\n\t\t\t<\/article>\r\n\t<article class=\"w-grid-item size_1x1 post-879 proiektua type-proiektua status-publish has-post-thumbnail hentry category-alimentacion\" data-id=\"879\">\r\n\t\t<div class=\"w-grid-item-h\">\r\n\t\t\t\t\t\t<div class=\"w-post-elm post_image usg_post_image_1 has_ratio\"><a href=\"https:\/\/hernaniburujabe.eus\/es\/proiektua\/sistema-alimentario-sostenible-y-soberano-de-hernani\/\" aria-label=\"Sistema Alimentario Sostenible y Soberano de Hernani\"><img loading=\"lazy\" decoding=\"async\" width=\"1024\" height=\"576\" src=\"https:\/\/hernaniburujabe.eus\/wp-content\/uploads\/2024\/04\/IMG_20240403_171242_841-1024x576.jpg\" class=\"attachment-large size-large wp-post-image\" alt=\"\" \/><\/a><div style=\"padding-bottom:66.6667%\"><\/div><\/div><div class=\"w-vwrapper usg_vwrapper_1 align_none valign_top\"><h3 class=\"w-post-elm post_title usg_post_title_1 has_text_color align_center entry-title color_link_inherit\"><a href=\"https:\/\/hernaniburujabe.eus\/es\/proiektua\/sistema-alimentario-sostenible-y-soberano-de-hernani\/\">Sistema Alimentario Sostenible y Soberano de Hernani<\/a><\/h3><\/div>\t\t<\/div>\r\n\t\t\t<\/article>\r\n<\/div>\t<div class=\"w-grid-preloader\">\r\n\t\t<div class=\"g-preloader type_1\">\r\n\t\t\t<div><\/div>\r\n\t\t<\/div>\r\n\t<\/div>\r\n\t\t\t\t<div class=\"g-loadmore \">\r\n\t\t\t\t<div class=\"g-preloader type_1\">\r\n\t\t\t\t\t<div><\/div>\r\n\t\t\t\t<\/div>\r\n\t\t\t\t<button class=\"w-btn us-btn-style_1\">\r\n\t\t\t\t\t<span class=\"w-btn-label\">Cargar m\u00e1s<\/span>\r\n\t\t\t\t<\/button>\r\n\t\t\t<\/div>\r\n\t\t\t\t<div class=\"w-grid-json hidden\" onclick='return {&quot;action&quot;:&quot;us_ajax_grid&quot;,&quot;infinite_scroll&quot;:true,&quot;max_num_pages&quot;:2,&quot;pagination&quot;:&quot;ajax&quot;,&quot;template_vars&quot;:{&quot;columns&quot;:&quot;4&quot;,&quot;exclude_items&quot;:&quot;none&quot;,&quot;img_size&quot;:&quot;default&quot;,&quot;ignore_items_size&quot;:0,&quot;items_layout&quot;:&quot;138&quot;,&quot;items_offset&quot;:&quot;1&quot;,&quot;load_animation&quot;:&quot;none&quot;,&quot;overriding_link&quot;:&quot;%7B%22url%22%3A%22%22%7D&quot;,&quot;post_id&quot;:0,&quot;query_args&quot;:{&quot;post_type&quot;:[&quot;proiektua&quot;],&quot;post_status&quot;:[&quot;publish&quot;,&quot;acf-disabled&quot;],&quot;posts_per_page&quot;:&quot;12&quot;},&quot;orderby_query_args&quot;:{&quot;orderby&quot;:{&quot;date&quot;:&quot;DESC&quot;}},&quot;type&quot;:&quot;grid&quot;,&quot;us_grid_post_type&quot;:&quot;proiektua&quot;,&quot;us_grid_ajax_index&quot;:1,&quot;us_grid_filter_query_string&quot;:null,&quot;us_grid_index&quot;:1,&quot;page_args&quot;:[],&quot;lang&quot;:&quot;es&quot;}}'><\/div>\r\n\t<\/div><\/div><\/div><\/div><\/div><\/div><\/section>\n","protected":false},"excerpt":{"rendered":"En Hernani se ha creado una cadena de colaboraci\u00f3n con todos los agentes que trabajan en el sector de la alimentaci\u00f3n: agricultores\/as y ganaderos\/as han creado la asociaci\u00f3n HENASE; se ha creado una escuela para la formaci\u00f3n de nuevos y nuevas productoras; la empresa de reinserci\u00f3n Bertatik ha puesto en marcha el Centro de Transformaci\u00f3n...","protected":false},"author":1,"featured_media":0,"parent":0,"menu_order":0,"comment_status":"closed","ping_status":"closed","template":"","meta":{"_acf_changed":false,"footnotes":""},"class_list":["post-740","page","type-page","status-publish","hentry"],"acf":[],"_links":{"self":[{"href":"https:\/\/hernaniburujabe.eus\/es\/wp-json\/wp\/v2\/pages\/740","targetHints":{"allow":["GET"]}}],"collection":[{"href":"https:\/\/hernaniburujabe.eus\/es\/wp-json\/wp\/v2\/pages"}],"about":[{"href":"https:\/\/hernaniburujabe.eus\/es\/wp-json\/wp\/v2\/types\/page"}],"author":[{"embeddable":true,"href":"https:\/\/hernaniburujabe.eus\/es\/wp-json\/wp\/v2\/users\/1"}],"replies":[{"embeddable":true,"href":"https:\/\/hernaniburujabe.eus\/es\/wp-json\/wp\/v2\/comments?post=740"}],"version-history":[{"count":2,"href":"https:\/\/hernaniburujabe.eus\/es\/wp-json\/wp\/v2\/pages\/740\/revisions"}],"predecessor-version":[{"id":1161,"href":"https:\/\/hernaniburujabe.eus\/es\/wp-json\/wp\/v2\/pages\/740\/revisions\/1161"}],"wp:attachment":[{"href":"https:\/\/hernaniburujabe.eus\/es\/wp-json\/wp\/v2\/media?parent=740"}],"curies":[{"name":"wp","href":"https:\/\/api.w.org\/{rel}","templated":true}]}}